{"id":4910,"date":"2024-02-05T11:17:18","date_gmt":"2024-02-05T10:17:18","guid":{"rendered":"https:\/\/wordpress.montagepartner-gmbh.de\/pie-de-imprenta\/"},"modified":"2025-12-05T17:30:46","modified_gmt":"2025-12-05T16:30:46","slug":"pie-de-imprenta","status":"publish","type":"page","link":"https:\/\/montagepartner-gmbh.de\/es\/pie-de-imprenta\/","title":{"rendered":"Pie de imprenta"},"content":{"rendered":"\t\t<div data-elementor-type=\"wp-page\" data-elementor-id=\"4910\" class=\"elementor elementor-4910 elementor-2\">\n\t\t\t\t<div class=\"elementor-element elementor-element-d8e42d3 e-flex e-con-boxed e-con e-parent\" data-id=\"d8e42d3\" data-element_type=\"container\">\n\t\t\t\t\t<div class=\"e-con-inner\">\n\t\t\t\t\t<\/div>\n\t\t\t\t<\/div>\n\t\t<div class=\"elementor-element elementor-element-203e1e11 e-flex e-con-boxed e-con e-parent\" data-id=\"203e1e11\" data-element_type=\"container\">\n\t\t\t\t\t<div class=\"e-con-inner\">\n\t\t\t\t<div class=\"elementor-element elementor-element-501ec5bd elementor-widget elementor-widget-text-editor\" data-id=\"501ec5bd\" data-element_type=\"widget\" data-widget_type=\"text-editor.default\">\n\t\t\t\t<div class=\"elementor-widget-container\">\n\t\t\t\t\t\t\t\t\t<h3 class=\"heading\"><b style=\"font-size: 17px;font-style: inherit;text-align: var(--text-align);color: var(--ast-global-color-3);font-family: Karla, sans-serif\">Responsable del contenido<\/b><\/h3><p style=\"font-weight: 400\">Die Montagepartner GmbH<br>Bieselberger Weg 11<br data-start=\"100\" data-end=\"103\">75399 Unterreichenbach<br>mail@montagepartner-gmbh.de<br>Tel. +49 173 36 60 758<\/p><p><b>Direcci\u00f3n<\/b>: R\u00fcdiger Thieme, Alexander Gemp<br><b>N\u00famero de<\/b><b>identificaci\u00f3n<\/b><b>fiscal<\/b>: 081\/107\/00130<br><b>N\u00famero de identificaci\u00f3n fiscal<\/b>: DE216866696<br><b>Registro mercantil<\/b>: HRB 801608<\/p>\t\t\t\t\t\t\t\t<\/div>\n\t\t\t\t<\/div>\n\t\t\t\t\t<\/div>\n\t\t\t\t<\/div>\n\t\t<div class=\"elementor-element elementor-element-a4dd22b e-flex e-con-boxed e-con e-parent\" data-id=\"a4dd22b\" data-element_type=\"container\">\n\t\t\t\t\t<div class=\"e-con-inner\">\n\t\t\t\t<div class=\"elementor-element elementor-element-d9a2d88 elementor-widget elementor-widget-text-editor\" data-id=\"d9a2d88\" data-element_type=\"widget\" data-widget_type=\"text-editor.default\">\n\t\t\t\t<div class=\"elementor-widget-container\">\n\t\t\t\t\t\t\t\t\t<p>Descargo de responsabilidad \/ Disclaimer:<br>Proporcionamos una amplia gama de informaci\u00f3n en nuestro sitio web y la hemos comprobado y seleccionado cuidadosamente. Sin embargo, nos gustar\u00eda se\u00f1alar que no podemos garantizar la exactitud e integridad de la informaci\u00f3n aqu\u00ed facilitada. Esto se aplica en particular a los enlaces enumerados, de cuyo contenido no podemos aceptar ninguna responsabilidad.<\/p><p>Derechos de autor:<br>El contenido y las obras publicadas en este sitio web est\u00e1n protegidos por derechos de autor. Cualquier uso no autorizado por la legislaci\u00f3n alemana sobre derechos de autor requiere nuestro consentimiento previo por escrito. Esto se aplica en particular a la duplicaci\u00f3n,  <\/p>\t\t\t\t\t\t\t\t<\/div>\n\t\t\t\t<\/div>\n\t\t\t\t\t<\/div>\n\t\t\t\t<\/div>\n\t\t\t\t<\/div>\n\t\t","protected":false},"excerpt":{"rendered":"<p>Responsable del contenido Die Montagepartner GmbHBieselberger Weg 1175399 Unterreichenbachmail@montagepartner-gmbh.deTel. +49 173 36 60 758 Direcci\u00f3n: R\u00fcdiger Thieme, Alexander GempN\u00famero deidentificaci\u00f3nfiscal: 081\/107\/00130N\u00famero de identificaci\u00f3n fiscal: DE216866696Registro mercantil: HRB 801608 Descargo de responsabilidad \/ Disclaimer:Proporcionamos una amplia gama de informaci\u00f3n en nuestro sitio web y la hemos comprobado y seleccionado cuidadosamente. Sin embargo, nos gustar\u00eda se\u00f1alar que [&hellip;]<\/p>\n","protected":false},"author":1,"featured_media":0,"parent":0,"menu_order":0,"comment_status":"closed","ping_status":"closed","template":"","meta":{"site-sidebar-layout":"default","site-content-layout":"","ast-site-content-layout":"default","site-content-style":"default","site-sidebar-style":"default","ast-global-header-display":"","ast-banner-title-visibility":"","ast-main-header-display":"","ast-hfb-above-header-display":"","ast-hfb-below-header-display":"","ast-hfb-mobile-header-display":"","site-post-title":"","ast-breadcrumbs-content":"","ast-featured-img":"","footer-sml-layout":"","theme-transparent-header-meta":"","adv-header-id-meta":"","stick-header-meta":"","header-above-stick-meta":"","header-main-stick-meta":"","header-below-stick-meta":"","astra-migrate-meta-layouts":"configura","ast-page-background-enabled":"default","ast-page-background-meta":{"desktop":{"background-color":"","background-image":"","background-repeat":"repeat","background-position":"center center","background-size":"auto","background-attachment":"scroll","background-type":"","background-media":"","overlay-type":"","overlay-color":"","overlay-opacity":"","overlay-gradient":""},"tablet":{"background-color":"","background-image":"","background-repeat":"repeat","background-position":"center center","background-size":"auto","background-attachment":"scroll","background-type":"","background-media":"","overlay-type":"","overlay-color":"","overlay-opacity":"","overlay-gradient":""},"mobile":{"background-color":"","background-image":"","background-repeat":"repeat","background-position":"center center","background-size":"auto","background-attachment":"scroll","background-type":"","background-media":"","overlay-type":"","overlay-color":"","overlay-opacity":"","overlay-gradient":""}},"ast-content-background-meta":{"desktop":{"background-color":"var(--ast-global-color-5)","background-image":"","background-repeat":"repeat","background-position":"center center","background-size":"auto","background-attachment":"scroll","background-type":"","background-media":"","overlay-type":"","overlay-color":"","overlay-opacity":"","overlay-gradient":""},"tablet":{"background-color":"var(--ast-global-color-5)","background-image":"","background-repeat":"repeat","background-position":"center center","background-size":"auto","background-attachment":"scroll","background-type":"","background-media":"","overlay-type":"","overlay-color":"","overlay-opacity":"","overlay-gradient":""},"mobile":{"background-color":"var(--ast-global-color-5)","background-image":"","background-repeat":"repeat","background-position":"center center","background-size":"auto","background-attachment":"scroll","background-type":"","background-media":"","overlay-type":"","overlay-color":"","overlay-opacity":"","overlay-gradient":""}},"footnotes":""},"class_list":["post-4910","page","type-page","status-publish","hentry"],"_links":{"self":[{"href":"https:\/\/montagepartner-gmbh.de\/es\/wp-json\/wp\/v2\/pages\/4910","targetHints":{"allow":["GET"]}}],"collection":[{"href":"https:\/\/montagepartner-gmbh.de\/es\/wp-json\/wp\/v2\/pages"}],"about":[{"href":"https:\/\/montagepartner-gmbh.de\/es\/wp-json\/wp\/v2\/types\/page"}],"author":[{"embeddable":true,"href":"https:\/\/montagepartner-gmbh.de\/es\/wp-json\/wp\/v2\/users\/1"}],"replies":[{"embeddable":true,"href":"https:\/\/montagepartner-gmbh.de\/es\/wp-json\/wp\/v2\/comments?post=4910"}],"version-history":[{"count":16,"href":"https:\/\/montagepartner-gmbh.de\/es\/wp-json\/wp\/v2\/pages\/4910\/revisions"}],"predecessor-version":[{"id":7085,"href":"https:\/\/montagepartner-gmbh.de\/es\/wp-json\/wp\/v2\/pages\/4910\/revisions\/7085"}],"wp:attachment":[{"href":"https:\/\/montagepartner-gmbh.de\/es\/wp-json\/wp\/v2\/media?parent=4910"}],"curies":[{"name":"wp","href":"https:\/\/api.w.org\/{rel}","templated":true}]}}