{"id":4918,"date":"2021-06-12T06:28:22","date_gmt":"2021-06-12T04:28:22","guid":{"rendered":"https:\/\/wordpress.montagepartner-gmbh.de\/equipo\/"},"modified":"2025-09-08T11:14:39","modified_gmt":"2025-09-08T09:14:39","slug":"equipo","status":"publish","type":"page","link":"https:\/\/montagepartner-gmbh.de\/es\/equipo\/","title":{"rendered":"Equipo"},"content":{"rendered":"\t\t<div data-elementor-type=\"wp-page\" data-elementor-id=\"4918\" class=\"elementor elementor-4918 elementor-15\">\n\t\t\t\t<div class=\"elementor-element elementor-element-9d0ebbf e-flex e-con-boxed e-con e-parent\" data-id=\"9d0ebbf\" data-element_type=\"container\" data-settings=\"{&quot;background_background&quot;:&quot;classic&quot;}\">\n\t\t\t\t\t<div class=\"e-con-inner\">\n\t\t\t\t\t<\/div>\n\t\t\t\t<\/div>\n\t\t<div class=\"elementor-element elementor-element-0bcf30f e-con-full e-flex e-con e-parent\" data-id=\"0bcf30f\" data-element_type=\"container\" data-settings=\"{&quot;background_background&quot;:&quot;classic&quot;}\">\n\t\t<div class=\"elementor-element elementor-element-4ddf295 e-con-full e-flex e-con e-child\" data-id=\"4ddf295\" data-element_type=\"container\" data-settings=\"{&quot;background_background&quot;:&quot;classic&quot;}\">\n\t\t\t\t<div class=\"elementor-element elementor-element-c03fd42 elementor-widget elementor-widget-heading\" data-id=\"c03fd42\" data-element_type=\"widget\" data-widget_type=\"heading.default\">\n\t\t\t\t<div class=\"elementor-widget-container\">\n\t\t\t\t\t<h6 class=\"elementor-heading-title elementor-size-default\">De un vistazo<\/h6>\t\t\t\t<\/div>\n\t\t\t\t<\/div>\n\t\t\t\t<div class=\"elementor-element elementor-element-c82cf30 elementor-widget elementor-widget-heading\" data-id=\"c82cf30\" data-element_type=\"widget\" data-widget_type=\"heading.default\">\n\t\t\t\t<div class=\"elementor-widget-container\">\n\t\t\t\t\t<h2 class=\"elementor-heading-title elementor-size-default\">Sus personas de contacto<\/h2>\t\t\t\t<\/div>\n\t\t\t\t<\/div>\n\t\t<div class=\"elementor-element elementor-element-17dbbb2 e-flex e-con-boxed e-con e-child\" data-id=\"17dbbb2\" data-element_type=\"container\">\n\t\t\t\t\t<div class=\"e-con-inner\">\n\t\t\t\t<div class=\"elementor-element elementor-element-ccc3efa elementor-widget__width-initial elementor-widget-tablet__width-initial elementor-widget-mobile__width-inherit elementor-widget-tablet_extra__width-initial elementor-position-top elementor-widget elementor-widget-image-box\" data-id=\"ccc3efa\" data-element_type=\"widget\" data-widget_type=\"image-box.default\">\n\t\t\t\t<div class=\"elementor-widget-container\">\n\t\t\t\t\t<div class=\"elementor-image-box-wrapper\"><figure class=\"elementor-image-box-img\"><a href=\"https:\/\/www.linkedin.com\/in\/r\u00fcdiger-thieme\/\" target=\"_blank\" tabindex=\"-1\" rel=\"noopener\"><img fetchpriority=\"high\" decoding=\"async\" width=\"261\" height=\"300\" src=\"https:\/\/montagepartner-gmbh.de\/wp-content\/uploads\/2024\/04\/Rudi-neu-Website-400x-261x300.jpg\" class=\"attachment-medium size-medium wp-image-4998\" alt=\"Rudi Thieme\" srcset=\"https:\/\/montagepartner-gmbh.de\/wp-content\/uploads\/2024\/04\/Rudi-neu-Website-400x-261x300.jpg 261w, https:\/\/montagepartner-gmbh.de\/wp-content\/uploads\/2024\/04\/Rudi-neu-Website-400x.jpg 400w\" sizes=\"(max-width: 261px) 100vw, 261px\" \/><\/a><\/figure><div class=\"elementor-image-box-content\"><h4 class=\"elementor-image-box-title\"><a href=\"https:\/\/www.linkedin.com\/in\/r\u00fcdiger-thieme\/\" target=\"_blank\" rel=\"noopener\"><br>R\u00dcDIGER THIEME Consejo de Administraci\u00f3n<\/a><\/h4><p class=\"elementor-image-box-description\">Tel\u00e9fono +49 (0) 172 30 30 967\nr.thieme@montagepartner-gmbh.de\n<\/p><\/div><\/div>\t\t\t\t<\/div>\n\t\t\t\t<\/div>\n\t\t\t\t<div class=\"elementor-element elementor-element-0a9f7ff elementor-widget__width-initial elementor-widget-tablet__width-initial elementor-widget-mobile__width-inherit elementor-widget-tablet_extra__width-initial elementor-position-top elementor-widget elementor-widget-image-box\" data-id=\"0a9f7ff\" data-element_type=\"widget\" data-widget_type=\"image-box.default\">\n\t\t\t\t<div class=\"elementor-widget-container\">\n\t\t\t\t\t<div class=\"elementor-image-box-wrapper\"><figure class=\"elementor-image-box-img\"><a href=\"https:\/\/www.linkedin.com\/in\/alexander-gemp\/\" target=\"_blank\" tabindex=\"-1\" rel=\"noopener\"><img decoding=\"async\" width=\"262\" height=\"300\" src=\"https:\/\/montagepartner-gmbh.de\/wp-content\/uploads\/2025\/06\/Alexander-Gemp_-Montagepartner-262x300.png\" class=\"attachment-medium size-medium wp-image-6791\" alt=\"Alexander Gemp- Die Montagepartner GmbH\" srcset=\"https:\/\/montagepartner-gmbh.de\/wp-content\/uploads\/2025\/06\/Alexander-Gemp_-Montagepartner-262x300.png 262w, https:\/\/montagepartner-gmbh.de\/wp-content\/uploads\/2025\/06\/Alexander-Gemp_-Montagepartner.png 700w\" sizes=\"(max-width: 262px) 100vw, 262px\" \/><\/a><\/figure><div class=\"elementor-image-box-content\"><h4 class=\"elementor-image-box-title\"><a href=\"https:\/\/www.linkedin.com\/in\/alexander-gemp\/\" target=\"_blank\" rel=\"noopener\">ALEXANDER GEMP <br>Consejo de Administraci\u00f3n<\/a><\/h4><p class=\"elementor-image-box-description\">Tel\u00e9fono +49 (0) 162 23 46 184\na.gemp@montagepartner-gmbh.de\n<\/p><\/div><\/div>\t\t\t\t<\/div>\n\t\t\t\t<\/div>\n\t\t\t\t<div class=\"elementor-element elementor-element-b482f8f elementor-widget__width-initial elementor-widget-tablet__width-initial elementor-widget-mobile__width-inherit elementor-widget-tablet_extra__width-initial elementor-position-top elementor-widget elementor-widget-image-box\" data-id=\"b482f8f\" data-element_type=\"widget\" data-widget_type=\"image-box.default\">\n\t\t\t\t<div class=\"elementor-widget-container\">\n\t\t\t\t\t<div class=\"elementor-image-box-wrapper\"><figure class=\"elementor-image-box-img\"><img decoding=\"async\" width=\"261\" height=\"300\" src=\"https:\/\/montagepartner-gmbh.de\/wp-content\/uploads\/2024\/02\/Christiane-final2-261x300.jpg\" class=\"attachment-medium size-medium wp-image-4468\" alt=\"Christiane D\u00fchn - MOPA Team\" srcset=\"https:\/\/montagepartner-gmbh.de\/wp-content\/uploads\/2024\/02\/Christiane-final2-261x300.jpg 261w, https:\/\/montagepartner-gmbh.de\/wp-content\/uploads\/2024\/02\/Christiane-final2-892x1024.jpg 892w, https:\/\/montagepartner-gmbh.de\/wp-content\/uploads\/2024\/02\/Christiane-final2-768x881.jpg 768w, https:\/\/montagepartner-gmbh.de\/wp-content\/uploads\/2024\/02\/Christiane-final2-1338x1536.jpg 1338w, https:\/\/montagepartner-gmbh.de\/wp-content\/uploads\/2024\/02\/Christiane-final2.jpg 1762w\" sizes=\"(max-width: 261px) 100vw, 261px\" \/><\/figure><div class=\"elementor-image-box-content\"><h4 class=\"elementor-image-box-title\">CHRISTIANE D\u00dcHN <br>Contabilidad y Asistencia a Proyectos<\/h4><p class=\"elementor-image-box-description\">Tel\u00e9fono +49 (0) 173 36 60 758\nbuchhaltung@montagepartner-gmbh.de<\/p><\/div><\/div>\t\t\t\t<\/div>\n\t\t\t\t<\/div>\n\t\t\t\t<div class=\"elementor-element elementor-element-ba6c3f0 elementor-widget__width-initial elementor-widget-tablet__width-initial elementor-widget-mobile__width-inherit elementor-widget-tablet_extra__width-initial elementor-position-top elementor-widget elementor-widget-image-box\" data-id=\"ba6c3f0\" data-element_type=\"widget\" data-widget_type=\"image-box.default\">\n\t\t\t\t<div class=\"elementor-widget-container\">\n\t\t\t\t\t<div class=\"elementor-image-box-wrapper\"><figure class=\"elementor-image-box-img\"><img loading=\"lazy\" decoding=\"async\" width=\"261\" height=\"300\" src=\"https:\/\/montagepartner-gmbh.de\/wp-content\/uploads\/2024\/02\/Kai-final2-261x300.jpg\" class=\"attachment-medium size-medium wp-image-4476\" alt=\"Kai Gerullies - MOPA Team\" srcset=\"https:\/\/montagepartner-gmbh.de\/wp-content\/uploads\/2024\/02\/Kai-final2-261x300.jpg 261w, https:\/\/montagepartner-gmbh.de\/wp-content\/uploads\/2024\/02\/Kai-final2-892x1024.jpg 892w, https:\/\/montagepartner-gmbh.de\/wp-content\/uploads\/2024\/02\/Kai-final2-768x881.jpg 768w, https:\/\/montagepartner-gmbh.de\/wp-content\/uploads\/2024\/02\/Kai-final2.jpg 1246w\" sizes=\"(max-width: 261px) 100vw, 261px\" \/><\/figure><div class=\"elementor-image-box-content\"><h4 class=\"elementor-image-box-title\"><br>KAI GERULLIES Gesti\u00f3n del montaje<\/h4><p class=\"elementor-image-box-description\">k.gerullies@montagepartner-gmbh.de<\/p><\/div><\/div>\t\t\t\t<\/div>\n\t\t\t\t<\/div>\n\t\t\t\t<div class=\"elementor-element elementor-element-a975ea0 elementor-widget__width-initial elementor-widget-tablet__width-initial elementor-widget-mobile__width-inherit elementor-widget-tablet_extra__width-initial elementor-position-top elementor-widget elementor-widget-image-box\" data-id=\"a975ea0\" data-element_type=\"widget\" data-widget_type=\"image-box.default\">\n\t\t\t\t<div class=\"elementor-widget-container\">\n\t\t\t\t\t<div class=\"elementor-image-box-wrapper\"><figure class=\"elementor-image-box-img\"><img loading=\"lazy\" decoding=\"async\" width=\"261\" height=\"300\" src=\"https:\/\/montagepartner-gmbh.de\/wp-content\/uploads\/2024\/02\/Sissi-und-Edgar399x458-261x300.jpg\" class=\"attachment-medium size-medium wp-image-4504\" alt=\"Sissi und Edgar - MOPA Team\" srcset=\"https:\/\/montagepartner-gmbh.de\/wp-content\/uploads\/2024\/02\/Sissi-und-Edgar399x458-261x300.jpg 261w, https:\/\/montagepartner-gmbh.de\/wp-content\/uploads\/2024\/02\/Sissi-und-Edgar399x458.jpg 399w\" sizes=\"(max-width: 261px) 100vw, 261px\" \/><\/figure><div class=\"elementor-image-box-content\"><h4 class=\"elementor-image-box-title\">SISSI &amp; EDGAR<br>Equipo Feel Good<div><span style=\"font-style: inherit;\"><br><\/span><\/div><div><span style=\"font-style: inherit;\"><br><\/span><\/div><div><span style=\"font-style: inherit;\"><\/span><br><\/div><\/h4><\/div><\/div>\t\t\t\t<\/div>\n\t\t\t\t<\/div>\n\t\t\t\t\t<\/div>\n\t\t\t\t<\/div>\n\t\t\t\t<\/div>\n\t\t\t\t<\/div>\n\t\t<div class=\"elementor-element elementor-element-1d12731 e-flex e-con-boxed e-con e-parent\" data-id=\"1d12731\" data-element_type=\"container\" data-settings=\"{&quot;background_background&quot;:&quot;classic&quot;}\">\n\t\t\t\t\t<div class=\"e-con-inner\">\n\t\t\t\t<div class=\"elementor-element elementor-element-801dd19 elementor-widget elementor-widget-spacer\" data-id=\"801dd19\" data-element_type=\"widget\" data-widget_type=\"spacer.default\">\n\t\t\t\t<div class=\"elementor-widget-container\">\n\t\t\t\t\t\t\t<div class=\"elementor-spacer\">\n\t\t\t<div class=\"elementor-spacer-inner\"><\/div>\n\t\t<\/div>\n\t\t\t\t\t\t<\/div>\n\t\t\t\t<\/div>\n\t\t\t\t<div class=\"elementor-element elementor-element-b76ed78 elementor-widget elementor-widget-spacer\" data-id=\"b76ed78\" data-element_type=\"widget\" data-widget_type=\"spacer.default\">\n\t\t\t\t<div class=\"elementor-widget-container\">\n\t\t\t\t\t\t\t<div class=\"elementor-spacer\">\n\t\t\t<div class=\"elementor-spacer-inner\"><\/div>\n\t\t<\/div>\n\t\t\t\t\t\t<\/div>\n\t\t\t\t<\/div>\n\t\t\t\t\t<\/div>\n\t\t\t\t<\/div>\n\t\t<div class=\"elementor-element elementor-element-a7d146e e-flex e-con-boxed e-con e-parent\" data-id=\"a7d146e\" data-element_type=\"container\" data-settings=\"{&quot;background_background&quot;:&quot;classic&quot;}\">\n\t\t\t\t\t<div class=\"e-con-inner\">\n\t\t<div class=\"elementor-element elementor-element-308004f e-con-full e-flex e-con e-child\" data-id=\"308004f\" data-element_type=\"container\">\n\t\t\t\t<div class=\"elementor-element elementor-element-17da7b8 elementor-widget elementor-widget-heading\" data-id=\"17da7b8\" data-element_type=\"widget\" data-widget_type=\"heading.default\">\n\t\t\t\t<div class=\"elementor-widget-container\">\n\t\t\t\t\t<h6 class=\"elementor-heading-title elementor-size-default\">P\u00f3ngase en contacto con nosotros<\/h6>\t\t\t\t<\/div>\n\t\t\t\t<\/div>\n\t\t\t\t<div class=\"elementor-element elementor-element-ae1a723 elementor-widget elementor-widget-icon-box\" data-id=\"ae1a723\" data-element_type=\"widget\" data-widget_type=\"icon-box.default\">\n\t\t\t\t<div class=\"elementor-widget-container\">\n\t\t\t\t\t\t\t<div class=\"elementor-icon-box-wrapper\">\n\n\t\t\t\n\t\t\t\t\t\t<div class=\"elementor-icon-box-content\">\n\n\t\t\t\t\t\t\t\t\t<h3 class=\"elementor-icon-box-title\">\n\t\t\t\t\t\t<span  >\n\t\t\t\t\t\t\tDie Montagepartner GmbH\t\t\t\t\t\t<\/span>\n\t\t\t\t\t<\/h3>\n\t\t\t\t\n\t\t\t\t\n\t\t\t<\/div>\n\t\t\t\n\t\t<\/div>\n\t\t\t\t\t\t<\/div>\n\t\t\t\t<\/div>\n\t\t\t\t<div class=\"elementor-element elementor-element-df7ed46 elementor-widget elementor-widget-text-editor\" data-id=\"df7ed46\" data-element_type=\"widget\" data-widget_type=\"text-editor.default\">\n\t\t\t\t<div class=\"elementor-widget-container\">\n\t\t\t\t\t\t\t\t\t<p style=\"font-weight: 400\">Die Montagepartner GmbH<br>Bieselberger Weg 11<br data-start=\"100\" data-end=\"103\">75399 Unterreichenbach<br>mail@montagepartner-gmbh.de<br>Tel. +49 173 36 60 758<\/p>\t\t\t\t\t\t\t\t<\/div>\n\t\t\t\t<\/div>\n\t\t\t\t<\/div>\n\t\t<div class=\"elementor-element elementor-element-091f252 e-flex e-con-boxed e-con e-child\" data-id=\"091f252\" data-element_type=\"container\" data-settings=\"{&quot;background_background&quot;:&quot;classic&quot;}\">\n\t\t\t\t\t<div class=\"e-con-inner\">\n\t\t\t\t<div class=\"elementor-element elementor-element-4aaaeba elementor-widget elementor-widget-heading\" data-id=\"4aaaeba\" data-element_type=\"widget\" data-widget_type=\"heading.default\">\n\t\t\t\t<div class=\"elementor-widget-container\">\n\t\t\t\t\t<h6 class=\"elementor-heading-title elementor-size-default\">Esperamos trabajar juntos<\/h6>\t\t\t\t<\/div>\n\t\t\t\t<\/div>\n\t\t\t\t<div class=\"elementor-element elementor-element-c3aca06 elementor-widget elementor-widget-heading\" data-id=\"c3aca06\" data-element_type=\"widget\" data-widget_type=\"heading.default\">\n\t\t\t\t<div class=\"elementor-widget-container\">\n\t\t\t\t\t<h3 class=\"elementor-heading-title elementor-size-default\">P\u00f3ngase en contacto con nosotros<\/h3>\t\t\t\t<\/div>\n\t\t\t\t<\/div>\n\t\t\t\t<div class=\"elementor-element elementor-element-3ba47d7 elementor-widget elementor-widget-wpforms\" data-id=\"3ba47d7\" data-element_type=\"widget\" data-widget_type=\"wpforms.default\">\n\t\t\t\t<div class=\"elementor-widget-container\">\n\t\t\t\t\t<div class=\"wpforms-container \" id=\"wpforms-1271\"><form id=\"wpforms-form-1271\" class=\"wpforms-validate wpforms-form\" data-formid=\"1271\" method=\"post\" enctype=\"multipart\/form-data\" action=\"\/es\/wp-json\/wp\/v2\/pages\/4918\" data-token=\"768ee4c3c765b9756db0ed8c4aad82f0\" data-token-time=\"1776315809\"><noscript class=\"wpforms-error-noscript\">Por favor, activa JavaScript en tu navegador para completar este formulario.<\/noscript><div class=\"wpforms-field-container\"><div id=\"wpforms-1271-field_0-container\" class=\"wpforms-field wpforms-field-name\" data-field-id=\"0\"><label class=\"wpforms-field-label wpforms-label-hide\" for=\"wpforms-1271-field_0\">Nombre <span class=\"wpforms-required-label\">*<\/span><\/label><input type=\"text\" id=\"wpforms-1271-field_0\" class=\"wpforms-field-large wpforms-field-required\" name=\"wpforms[fields][0]\" placeholder=\"Nombre\" required><\/div><div id=\"wpforms-1271-field_8-container\" class=\"wpforms-field wpforms-field-text\" data-field-id=\"8\"><label class=\"wpforms-field-label wpforms-label-hide\" for=\"wpforms-1271-field_8\">Texto de una l\u00ednea<\/label><input type=\"text\" id=\"wpforms-1271-field_8\" class=\"wpforms-field-large\" name=\"wpforms[fields][8]\" placeholder=\"N\u00famero de tel\u00e9fono\" ><\/div><div id=\"wpforms-1271-field_7-container\" class=\"wpforms-field wpforms-field-email\" data-field-id=\"7\"><label class=\"wpforms-field-label wpforms-label-hide\" for=\"wpforms-1271-field_7\">Su direcci\u00f3n de correo electr\u00f3nico <span class=\"wpforms-required-label\">*<\/span><\/label><input type=\"email\" id=\"wpforms-1271-field_7\" class=\"wpforms-field-large wpforms-field-required\" name=\"wpforms[fields][7]\" placeholder=\"correo electr\u00f3nico\" spellcheck=\"false\" required><\/div><div id=\"wpforms-1271-field_2-container\" class=\"wpforms-field wpforms-field-textarea\" data-field-id=\"2\"><label class=\"wpforms-field-label wpforms-label-hide\" for=\"wpforms-1271-field_2\">Su mensaje <span class=\"wpforms-required-label\">*<\/span><\/label><textarea id=\"wpforms-1271-field_2\" class=\"wpforms-field-medium wpforms-field-required\" name=\"wpforms[fields][2]\" placeholder=\"Mensaje\" required><\/textarea><\/div><\/div><!-- .wpforms-field-container -->\r\n\t\t\t<script>\r\n\t\t\tif ( typeof huOptions !== 'undefined' ) {\r\n\t\t\t\tvar huFormData = [];\r\n\t\t\t\tvar huFormNode = document.querySelector( '[id=\"wpforms-1271\"] form' );\r\n\r\n\t\t\t\tvar firstName = huFormNode.querySelector( 'input.wpforms-field-name-first' );\r\n\t\t\t\tvar lastName = huFormNode.querySelector( 'input.wpforms-field-name-last' );\r\n\r\n\t\t\t\tif ( firstName )\r\n\t\t\t\t\thuFormData['fields']['subject']['first_name'] = firstName.getAttribute( 'name' );\r\n\r\n\t\t\t\tif ( lastName )\r\n\t\t\t\t\thuFormData['fields']['subject']['last_name'] = lastName.getAttribute( 'name' );\r\n\r\n\t\t\t\thuFormData['node'] = huFormNode;\r\n\t\t\t\thuOptions['forms'].push( huFormData );\r\n\t\t\t}\r\n\t\t\t<\/script><div class=\"wpforms-submit-container\" ><input type=\"hidden\" name=\"wpforms[id]\" value=\"1271\"><input type=\"hidden\" name=\"page_title\" value=\"\"><input type=\"hidden\" name=\"page_url\" value=\"https:\/\/montagepartner-gmbh.de\/es\/wp-json\/wp\/v2\/pages\/4918\"><input type=\"hidden\" name=\"url_referer\" value=\"\"><button type=\"submit\" name=\"wpforms[submit]\" id=\"wpforms-submit-1271\" class=\"wpforms-submit\" data-alt-text=\"Enviando...\" data-submit-text=\"Env\u00edo de\" aria-live=\"assertive\" value=\"wpforms-submit\">Env\u00edo de<\/button><\/div><\/form><\/div>  <!-- .wpforms-container -->\t\t\t\t<\/div>\n\t\t\t\t<\/div>\n\t\t\t\t\t<\/div>\n\t\t\t\t<\/div>\n\t\t\t\t\t<\/div>\n\t\t\t\t<\/div>\n\t\t\t\t<\/div>\n\t\t","protected":false},"excerpt":{"rendered":"<p>De un vistazo Sus personas de contacto R\u00dcDIGER THIEME Consejo de Administraci\u00f3n Tel\u00e9fono +49 (0) 172 30 30 967 r.thieme@montagepartner-gmbh.de ALEXANDER GEMP Consejo de Administraci\u00f3n Tel\u00e9fono +49 (0) 162 23 46 184 a.gemp@montagepartner-gmbh.de CHRISTIANE D\u00dcHN Contabilidad y Asistencia a Proyectos Tel\u00e9fono +49 (0) 173 36 60 758 buchhaltung@montagepartner-gmbh.de KAI GERULLIES Gesti\u00f3n del montaje k.gerullies@montagepartner-gmbh.de SISSI [&hellip;]<\/p>\n","protected":false},"author":1,"featured_media":0,"parent":0,"menu_order":0,"comment_status":"closed","ping_status":"closed","template":"","meta":{"site-sidebar-layout":"no-sidebar","site-content-layout":"page-builder","ast-site-content-layout":"full-width-container","site-content-style":"unboxed","site-sidebar-style":"unboxed","ast-global-header-display":"","ast-banner-title-visibility":"","ast-main-header-display":"","ast-hfb-above-header-display":"","ast-hfb-below-header-display":"","ast-hfb-mobile-header-display":"","site-post-title":"disabled","ast-breadcrumbs-content":"disabled","ast-featured-img":"disabled","footer-sml-layout":"","theme-transparent-header-meta":"enabled","adv-header-id-meta":"","stick-header-meta":"","header-above-stick-meta":"","header-main-stick-meta":"","header-below-stick-meta":"","astra-migrate-meta-layouts":"configura","ast-page-background-enabled":"default","ast-page-background-meta":{"desktop":{"background-color":"","background-image":"","background-repeat":"repeat","background-position":"center center","background-size":"auto","background-attachment":"scroll","background-type":"","background-media":"","overlay-type":"","overlay-color":"","overlay-opacity":"","overlay-gradient":""},"tablet":{"background-color":"","background-image":"","background-repeat":"repeat","background-position":"center center","background-size":"auto","background-attachment":"scroll","background-type":"","background-media":"","overlay-type":"","overlay-color":"","overlay-opacity":"","overlay-gradient":""},"mobile":{"background-color":"","background-image":"","background-repeat":"repeat","background-position":"center center","background-size":"auto","background-attachment":"scroll","background-type":"","background-media":"","overlay-type":"","overlay-color":"","overlay-opacity":"","overlay-gradient":""}},"ast-content-background-meta":{"desktop":{"background-color":"var(--ast-global-color-5)","background-image":"","background-repeat":"repeat","background-position":"center center","background-size":"auto","background-attachment":"scroll","background-type":"","background-media":"","overlay-type":"","overlay-color":"","overlay-opacity":"","overlay-gradient":""},"tablet":{"background-color":"var(--ast-global-color-5)","background-image":"","background-repeat":"repeat","background-position":"center center","background-size":"auto","background-attachment":"scroll","background-type":"","background-media":"","overlay-type":"","overlay-color":"","overlay-opacity":"","overlay-gradient":""},"mobile":{"background-color":"var(--ast-global-color-5)","background-image":"","background-repeat":"repeat","background-position":"center center","background-size":"auto","background-attachment":"scroll","background-type":"","background-media":"","overlay-type":"","overlay-color":"","overlay-opacity":"","overlay-gradient":""}},"footnotes":""},"class_list":["post-4918","page","type-page","status-publish","hentry"],"_links":{"self":[{"href":"https:\/\/montagepartner-gmbh.de\/es\/wp-json\/wp\/v2\/pages\/4918","targetHints":{"allow":["GET"]}}],"collection":[{"href":"https:\/\/montagepartner-gmbh.de\/es\/wp-json\/wp\/v2\/pages"}],"about":[{"href":"https:\/\/montagepartner-gmbh.de\/es\/wp-json\/wp\/v2\/types\/page"}],"author":[{"embeddable":true,"href":"https:\/\/montagepartner-gmbh.de\/es\/wp-json\/wp\/v2\/users\/1"}],"replies":[{"embeddable":true,"href":"https:\/\/montagepartner-gmbh.de\/es\/wp-json\/wp\/v2\/comments?post=4918"}],"version-history":[{"count":8,"href":"https:\/\/montagepartner-gmbh.de\/es\/wp-json\/wp\/v2\/pages\/4918\/revisions"}],"predecessor-version":[{"id":7052,"href":"https:\/\/montagepartner-gmbh.de\/es\/wp-json\/wp\/v2\/pages\/4918\/revisions\/7052"}],"wp:attachment":[{"href":"https:\/\/montagepartner-gmbh.de\/es\/wp-json\/wp\/v2\/media?parent=4918"}],"curies":[{"name":"wp","href":"https:\/\/api.w.org\/{rel}","templated":true}]}}